{"id":13783,"date":"2023-10-19T13:36:40","date_gmt":"2023-10-19T12:36:40","guid":{"rendered":"https:\/\/heike-dahms.ch\/stage\/?page_id=13783"},"modified":"2023-10-19T15:29:19","modified_gmt":"2023-10-19T14:29:19","slug":"datenschutzerklaerung","status":"publish","type":"page","link":"https:\/\/heike-dahms.ch\/stage\/index.php\/datenschutzerklaerung\/","title":{"rendered":"Datenschutzerkl\u00e4rung"},"content":{"rendered":"<h1>Datenschutzerkl\u00e4rung<\/h1>\n<p>Ich, die komplement\u00e4rtherapeutische Praxis Heike Dahms, Chalet Elim, Dankensbergstrasse 11, 5712 Beinwil am See best\u00e4tige hiermit, mich an die folgenden Regeln gem\u00e4ss Datenschutzgesetz und Datenschutzverordnung zu halten.<\/p>\n<p>Zweck dieser Datenschutzerkl\u00e4rung ist es, Sie als meine Klient*in, \u00fcber meinen Umgang mit Ihren pers\u00f6nlichen und sensiblen Daten, die in meiner Praxis gesammelten werden, zu informieren.<\/p>\n<h2>1. Datenschutzerkl\u00e4rung der Website<\/h2>\n<p>Diese Datenschutzerkl\u00e4rung gilt f\u00fcr den Website-Betreiber www.heike-dahms.ch. Ich verpflichte mich zu einem verantwortungsvollen Umgang mit Ihren personenbezogenen Daten und erkl\u00e4re, wie ich mit Ihren Daten umgehe.<br \/>\nMit dem Zugriff auf dem Online-Portal (nachfolgend \u00abWebsite\u00bb) und der Nutzung meiner angebotenen Dienstleistungen und Produkte erkl\u00e4ren Sie, dass Sie diese Datenschutzerkl\u00e4rung sorgf\u00e4ltig durchgelesen haben und mit der beschriebenen Datenbearbeitung einverstanden sind. Allf\u00e4llige Fragen im Zusammenhang mit dieser Datenschutzerkl\u00e4rung k\u00f6nnen jederzeit per E-Mail an info@heike-dahms.ch zugestellt werden. Falls Sie mit dieser Erkl\u00e4rung nicht einverstanden sind, sind Zugriffe auf die Website und die Nutzung unserer Dienstleistungen und Produkte zu unterlassen.<br \/>\nDiese Datenschutzerkl\u00e4rung ist auf die Anforderungen der EU-Datenschutz-Grundverordnung (\u00abDSGVO\u00bb), das Schweizer Datenschutzgesetz (\u00abDSG\u00bb) und das revidierte Schweizer Datenschutzgesetz (\u00abrevDSG\u00bb) ausgelegt.<br \/>\nDie vorliegenden Bestimmungen gelten f\u00fcr Ihre Daten, welche im Rahmen Ihres Besuchs auf meiner Website (http:\/\/www.heike-dahms.ch) bearbeitet werden.<\/p>\n<h2>2. Datenerfassung \/ Zweck der Verarbeitung<\/h2>\n<p>Es werden nur solche Daten bearbeitet, die mit der therapeutischen Behandlung im Zusammenhang stehen oder die f\u00fcr eine Information \u00fcber allf\u00e4llige Angebote relevant sind. Es handelt sich dabei ausschliesslich um Daten, die ich mit ihrem Einverst\u00e4ndnis aufgenommen habe, die Sie mir haben zukommen lassen oder die in \u00f6ffentlich zug\u00e4nglichen Verzeichnissen (Telefonbuch etc.) zu finden sind. Dies k\u00f6nnen allgemeine Daten zu Ihrer Person (Name, Anschrift, Telefonnummer usw.), Angaben zu Ihrer Gesundheit\/zum Krankheitsverlauf, bereits gestellte Diagnosen und gegebenenfalls weitere Daten sein, welche Sie mir aufgrund der Behandlung \u00fcbermittelt haben (Patientendossiers). Andererseits werden Daten automatisch beim Besuch der Website durch meine IT-Systeme erfasst. Ich verwende auf unserer Website Cookies, sowie die \u00fcblichen Logdateien.<\/p>\n<p>Gesammelt, gespeichert und bearbeitet werden diese Daten ausschliesslich in Ihrem Patient*innendossier, resp. in dem f\u00fcr die Administration notwendigen Dossier, insbesondere in der f\u00fcr die Fakturierung gem\u00e4ss Tarif 590 notwendigen App. In diesen beiden Aufbewahrungsorten sind s\u00e4mtliche an Ihren Daten vorgenommenen Bearbeitungsschritte inklusive der verantwortlichen Personen nachvollziehbar.<br \/>\nIhre personenbezogenen Daten gebe ich ausschliesslich an Personen oder Bereiche unsere Praxis weiter, die diese zur Erf\u00fcllung der vertraglichen und gesetzlichen Pflichten ben\u00f6tigen. Diese sind \u00fcber die geltenden Datenschutzregeln informiert und verpflichtet, diese einzuhalten. <br \/>\nWeiteren Personen oder Institutionen (Versicherer etc.) werden Ihre Daten oder Teile davon ausschliesslich mit Ihrem expliziten Einverst\u00e4ndnis zug\u00e4nglich gemacht. Als Ausnahmen gelten richterliche Anordnungen oder die Durchsetzung berechtigter Anspr\u00fcche seitens der Praxis.<br \/>\nSoweit Ihre Daten physisch gesammelt und bearbeitet werden, werden diese in einem abschliessbaren, unbefugten Drittpersonen nicht zug\u00e4nglichen Raum oder Schrank aufbewahrt. Elektronisch gesammelte Daten werden gesichert aufbewahrt (Passwort etc.).<\/p>\n<p>Wo nicht kantonale oder andere gesetzliche Regelungen anders bestimmen, werden Ihre von mir gesammelten Daten zwanzig Jahre nach Ihrer letzten Konsultation in unserer Praxis gel\u00f6scht.<\/p>\n<h2>3. Kommunikation per E-Mail<\/h2>\n<p>Die schriftliche Kommunikation zwischen meiner Praxis und Ihnen findet per E-Mail statt. Entweder mit einem \u00fcblichen Verschl\u00fcsselungsprogramm verschl\u00fcsselt oder \u2013 mit Ihrem schriftlichen Einverst\u00e4ndnis \u2013 unverschl\u00fcsselt.<\/p>\n<h2>4. Herausgabe von Akten<\/h2>\n<p>Als gegenw\u00e4rtige oder ehemalige Klient*in k\u00f6nnen Sie von mir jederzeit ein Doppel aller Ihrer von mir gesammelten Daten in einem g\u00e4ngigen elektronischen Format verlangen. Nur physisch vorhandene Daten werden zu diesem Zweck gescannt und Ihnen als PDF oder in Papierform zugestellt. Die Daten werden Ihnen in der Regel kostenlos und innert maximal 30 Tagen \u00fcbergeben.<\/p>\n<h2>5. Hosting-Provider \/ Server-Logdateien<\/h2>\n<p>Der Hosting-Provider verwendet den \u00fcblichen Webserver-Log und erfasst damit Informationen \u00fcber:<br \/>\n\u2022 IP-Adresse<br \/>\n\u2022 Browsertyp und Browserversion<br \/>\n\u2022 verwendetes Betriebssystem<br \/>\n\u2022 Referrer URL<br \/>\n\u2022 Hostname des zugreifenden Rechners<br \/>\n\u2022 Uhrzeit der Serveranfrage<\/p>\n<p>Diese Daten sind keinen bestimmten Personen zugeordnet und k\u00f6nnen von der Gesch\u00e4ftsstelle und auch nicht personenbezogen ausgewertet werden. Eine Zusammenf\u00fchrung dieser Daten mit anderen Datenquellen wird nicht vorgenommen. Ich behalte mir vor, die Webserver-Log Informationen nachtr\u00e4glich zu analysieren, wenn uns konkrete Anhaltspunkte f\u00fcr rechtswidrige Handlungen, Missbr\u00e4uche oder ungew\u00f6hnliche Anomalien im Zusammenhang mit der Webseiten-Nutzung bekannt werden. Diese Daten, sowie alle Daten dieser Website, werden bei unserem Hosting-Provider Webland AG \/ Frey-Strasse 85 CH-4142 M\u00fcnchenstein gespeichert, deren Datenschutzerkl\u00e4rung Sie unter diesem Link: https:\/\/www.webland.ch<\/p>\n<h2>6. Hyperlinks zu Drittanbietern<\/h2>\n<p>Auf den Websites www.heike-dahms.ch sind Hyperlinks zu anderen Websites enthalten (z.B. Gesch\u00e4fts-Partner, Facebook, LinkedIn usw.), die durch uns nicht betrieben oder \u00fcberwacht werden.Der Website-Betreiber ist f\u00fcr deren Inhalt und Umgang mit Personendaten nicht verantwortlich und empfiehlt Ihnen, die dort geltenden Datenschutzerkl\u00e4rungen zu studieren. Grunds\u00e4tzlich sind die Verlinkungen angezeigt. F\u00fcr deren Nutzung ist ein separates Anklicken notwendig.<\/p>\n<h2>7. Google Maps<\/h2>\n<p>Um die Anfahrt zu der Therapiepraxis Heike Dahms besser aufzeigen zu k\u00f6nnen, wird auf meiner Website Google Maps unter \u00abAnfahrt\u00bb eingebunden. Sobald Sie meine \u00abAnfahrt\u00bb aufrufen, sind Sie automatisch mit Google Maps verkn\u00fcpft. Ich empfehle, die geltenden Datenschutzerkl\u00e4rungen von Google Maps genau zu lesen, da ich f\u00fcr deren Inhalte und Umgang mit Personendaten nicht verantwortlich bin.<br \/>\nDurch die Nutzung von Google Maps werden m\u00f6glicherweise Informationen \u00fcber die Nutzung meiner Website, einschliesslich Ihrer IP-Adresse, an einen Server von Google in den USA \u00fcbermittelt und dort gespeichert. Google wird die durch Google Maps gewonnenen Informationen gegebenenfalls an Dritte \u00fcbertragen, sofern dies gesetzlich vorgeschrieben ist oder soweit Dritte diese Daten im Auftrag von Google bearbeiten.<\/p>\n<h2>8. Social-Media-Plug-ins<\/h2>\n<p>Diese Website benutzt keine Social-Media-Plug-ins.<\/p>\n<h2>9. Webfonts<\/h2>\n<p>Webfonts sind Zeichens\u00e4tze, die f\u00fcr eine individualisierte Darstellung von Texten und Symbolen von den jeweiligen Anbietern angeboten werden. http:\/\/www.heike-dahms.ch nutzt das Angebot von Webfonts von Google-Fonts (https:\/\/fonts.google.com) und Font Awesome von Fonticons Inc. (https:\/\/fonts.google.com). F\u00fcr eine Datenschutz konforme Einbindung werden auf http:\/\/www.heike-dahms.ch solche Zeichens\u00e4tze lokal eingebunden.<\/p>\n<h2>10. Ihre Rechte<\/h2>\n<p>Ihnen stehen grunds\u00e4tzlich die Rechte auf Auskunft, Berichtigung, Vervollst\u00e4ndigung, L\u00f6schung, Einschr\u00e4nkung, Daten\u00fcbertragbarkeit, Widerspruch und Widerruf mit Bezug auf Ihre Daten zu.<br \/>\nWenn ich Ihre Personendaten bearbeite, k\u00f6nnen Sie grunds\u00e4tzlich unentgeltlich Auskunft \u00fcber unsere Bearbeitung Ihrer Personendaten verlangen, die Bearbeitung Ihrer Personendaten einschr\u00e4nken lassen, Ihre Personendaten berichtigen, l\u00f6schen (Recht auf Vergessenwerden) oder sperren lassen, erteilte Einwilligungen widerrufen und Widerspruch gegen die Bearbeitung Ihrer Personendaten erheben.<br \/>\nBei einem Verstoss gegen das Datenschutzrecht oder wenn Ihre datenschutzrechtlichen Anspr\u00fcche sonst in einer Weise verletzt worden sind, verf\u00fcgen Sie \u00fcber ein Beschwerderecht bei einer zust\u00e4ndigen Aufsichtsbeh\u00f6rde f\u00fcr den Datenschutz. Aufsichtsbeh\u00f6rde f\u00fcr den Datenschutz in der Schweiz ist der Eidgen\u00f6ssische Datenschutz- und \u00d6ffentlichkeitsbeauftragte (ED\u00d6B). Befindet sich Ihr gew\u00f6hnlicher Aufenthaltsort oder Ihr Arbeitsplatz in einem EU-Mitgliedstaat wenden Sie sich bitte an die f\u00fcr Sie zust\u00e4ndige Aufsichtsbeh\u00f6rde (vgl. Art. 77 DSGVO).<\/p>\n<p><strong>Heike Dahms<\/strong><\/p>\n","protected":false},"excerpt":{"rendered":"<p>Datenschutzerkl\u00e4rung Ich, die komplement\u00e4rtherapeutische Praxis Heike Dahms, Chalet Elim, Dankensbergstrasse 11, 5712 Beinwil am See best\u00e4tige hiermit, mich an die folgenden Regeln gem\u00e4ss Datenschutzgesetz und Datenschutzverordnung zu halten. Zweck dieser Datenschutzerkl\u00e4rung ist es, Sie als meine Klient*in, \u00fcber meinen Umgang &hellip; <a class=\"more-link\" href=\"https:\/\/heike-dahms.ch\/stage\/index.php\/datenschutzerklaerung\/\">Weiterlesen <span class=\"meta-nav\">&rarr;<\/span><\/a><\/p>\n","protected":false},"author":1,"featured_media":0,"parent":0,"menu_order":0,"comment_status":"closed","ping_status":"closed","template":"","meta":{"footnotes":""},"class_list":["post-13783","page","type-page","status-publish","hentry"],"acf":[],"_links":{"self":[{"href":"https:\/\/heike-dahms.ch\/stage\/index.php\/wp-json\/wp\/v2\/pages\/13783","targetHints":{"allow":["GET"]}}],"collection":[{"href":"https:\/\/heike-dahms.ch\/stage\/index.php\/wp-json\/wp\/v2\/pages"}],"about":[{"href":"https:\/\/heike-dahms.ch\/stage\/index.php\/wp-json\/wp\/v2\/types\/page"}],"author":[{"embeddable":true,"href":"https:\/\/heike-dahms.ch\/stage\/index.php\/wp-json\/wp\/v2\/users\/1"}],"replies":[{"embeddable":true,"href":"https:\/\/heike-dahms.ch\/stage\/index.php\/wp-json\/wp\/v2\/comments?post=13783"}],"version-history":[{"count":3,"href":"https:\/\/heike-dahms.ch\/stage\/index.php\/wp-json\/wp\/v2\/pages\/13783\/revisions"}],"predecessor-version":[{"id":13803,"href":"https:\/\/heike-dahms.ch\/stage\/index.php\/wp-json\/wp\/v2\/pages\/13783\/revisions\/13803"}],"wp:attachment":[{"href":"https:\/\/heike-dahms.ch\/stage\/index.php\/wp-json\/wp\/v2\/media?parent=13783"}],"curies":[{"name":"wp","href":"https:\/\/api.w.org\/{rel}","templated":true}]}}