{"id":2039,"date":"2017-12-20T16:00:02","date_gmt":"2017-12-20T15:00:02","guid":{"rendered":"http:\/\/heike-dahms.ch\/stage\/?page_id=2039"},"modified":"2026-03-15T12:28:35","modified_gmt":"2026-03-15T11:28:35","slug":"kuenstler","status":"publish","type":"page","link":"https:\/\/heike-dahms.ch\/stage\/index.php\/praxis-fuer-kunsttherapie\/chalet-elim\/kuenstler\/","title":{"rendered":"K\u00fcnstler"},"content":{"rendered":"<h1>K\u00fcnstler im Chalet Elim<\/h1>\n<p>&nbsp;<\/p>\n<p>Das Chalet Elim ist ein Gesamtkunstwerk. Hier wird in verschiedenen Bereichen Kunst erlebbar, sei es nun die gestaltende Kunst oder in den zahlreichen Auff\u00fchrungen der Zeitk\u00fcnste. Immer wieder finden namhafte nationale und internationale K\u00fcnstler den Weg zu uns und erf\u00fcllen die R\u00e4ume mit Kostbarkeiten, die man weit suchen muss und hier finden kann. Dankbar allen, die zu diesen wunderbaren Momenten beitragen. Alle sind eingeladen, die diese Kunst auf hohem Niveau in kleinem Rahmen sch\u00e4tzen.<\/p>\n","protected":false},"excerpt":{"rendered":"<p>K\u00fcnstler im Chalet Elim &nbsp; Das Chalet Elim ist ein Gesamtkunstwerk. Hier wird in verschiedenen Bereichen Kunst erlebbar, sei es nun die gestaltende Kunst oder in den zahlreichen Auff\u00fchrungen der Zeitk\u00fcnste. Immer wieder finden namhafte nationale und internationale K\u00fcnstler den &hellip; <a class=\"more-link\" href=\"https:\/\/heike-dahms.ch\/stage\/index.php\/praxis-fuer-kunsttherapie\/chalet-elim\/kuenstler\/\">Weiterlesen <span class=\"meta-nav\">&rarr;<\/span><\/a><\/p>\n","protected":false},"author":1,"featured_media":0,"parent":31,"menu_order":30,"comment_status":"closed","ping_status":"closed","template":"content-guests.php","meta":{"footnotes":""},"class_list":["post-2039","page","type-page","status-publish","hentry"],"acf":[],"_links":{"self":[{"href":"https:\/\/heike-dahms.ch\/stage\/index.php\/wp-json\/wp\/v2\/pages\/2039","targetHints":{"allow":["GET"]}}],"collection":[{"href":"https:\/\/heike-dahms.ch\/stage\/index.php\/wp-json\/wp\/v2\/pages"}],"about":[{"href":"https:\/\/heike-dahms.ch\/stage\/index.php\/wp-json\/wp\/v2\/types\/page"}],"author":[{"embeddable":true,"href":"https:\/\/heike-dahms.ch\/stage\/index.php\/wp-json\/wp\/v2\/users\/1"}],"replies":[{"embeddable":true,"href":"https:\/\/heike-dahms.ch\/stage\/index.php\/wp-json\/wp\/v2\/comments?post=2039"}],"version-history":[{"count":7,"href":"https:\/\/heike-dahms.ch\/stage\/index.php\/wp-json\/wp\/v2\/pages\/2039\/revisions"}],"predecessor-version":[{"id":14763,"href":"https:\/\/heike-dahms.ch\/stage\/index.php\/wp-json\/wp\/v2\/pages\/2039\/revisions\/14763"}],"up":[{"embeddable":true,"href":"https:\/\/heike-dahms.ch\/stage\/index.php\/wp-json\/wp\/v2\/pages\/31"}],"wp:attachment":[{"href":"https:\/\/heike-dahms.ch\/stage\/index.php\/wp-json\/wp\/v2\/media?parent=2039"}],"curies":[{"name":"wp","href":"https:\/\/api.w.org\/{rel}","templated":true}]}}