{"id":260,"date":"2013-10-09T16:54:10","date_gmt":"2013-10-09T14:54:10","guid":{"rendered":"http:\/\/heike-dahms.ch\/stage\/?page_id=260"},"modified":"2025-09-08T19:45:57","modified_gmt":"2025-09-08T18:45:57","slug":"referenzen","status":"publish","type":"page","link":"https:\/\/heike-dahms.ch\/stage\/index.php\/praxis-fuer-kunsttherapie\/chalet-elim\/referenzen\/","title":{"rendered":"Referenzen"},"content":{"rendered":"<h1>Pressestimmen<\/h1>\n<p>Diverse\u00a0Artikel in verschiedenen Zeitungen<\/p>\n<p>&nbsp;<\/p>\n<p><a href=\"https:\/\/heike-dahms.ch\/stage\/wp-content\/uploads\/2025\/09\/Wynentaler-Blatt-Jubilaeum-Chalet-Elim-2025.pdf\" target=\"_blank\" rel=\"noopener\">Wynentaler Blatt 2025 \u2013 20 Jahre Chalet Elim<\/a><\/p>\n<p><a href=\"https:\/\/heike-dahms.ch\/stage\/wp-content\/uploads\/2023\/12\/Aargauer-Zeitung-2023-11-28.pdf\" target=\"_blank\" rel=\"noopener\">Aargauer Zeitung 2023<\/a><\/p>\n<p><a href=\"https:\/\/heike-dahms.ch\/stage\/wp-content\/uploads\/2025\/09\/Aargauer-Zeitung-Lernfestival-2018.pdf\" target=\"_blank\" rel=\"noopener\">Aargauer Zeitung 2018 \u2013 Lernfestival wird zum Kulturfestival<\/a><\/p>\n<p><a href=\"https:\/\/heike-dahms.ch\/stage\/wp-content\/uploads\/2025\/09\/Lenzburger-Anzeiger-2018-Lernfestival.pdf\" target=\"_blank\" rel=\"noopener\">Lenzburger Anzeiger 2028 \u2013 Lernfestival<\/a><\/p>\n<p><a href=\"https:\/\/heike-dahms.ch\/stage\/wp-content\/uploads\/2013\/10\/Chalet-Elim-2015.pdf\">Aargauer Zeitung 2015 \u2013 Chalet Elim<\/a><\/p>\n<p><a href=\"https:\/\/heike-dahms.ch\/stage\/wp-content\/uploads\/2025\/09\/Wynentaler-Blatt-2014-Lernfestival-Erzaehltal.pdf\" target=\"_blank\" rel=\"noopener\">Wynentaler Blatt 2014 \u2013 Lernfestival \u2013 Erz\u00e4hltal<\/a><\/p>\n<p><a href=\"https:\/\/heike-dahms.ch\/stage\/wp-content\/uploads\/2013\/10\/Lernfestival-2013-Londoner-Doppeldeckerbus.pdf\">Lernfestival 2013 \u2013 Londoner Doppeldeckerbus<\/a><\/p>\n<p><a href=\"https:\/\/heike-dahms.ch\/stage\/wp-content\/uploads\/2013\/10\/Lernfestival-2011-2.pdf\">Aargauer Zeitung 2011 \u2013 Lernfestival -2<\/a><\/p>\n<p><a href=\"https:\/\/heike-dahms.ch\/stage\/wp-content\/uploads\/2013\/10\/Lernfestival-2011.pdf\">Aargauer Zeitung 2011 \u2013 Lernfestival -1<\/a><\/p>\n<p>&nbsp;<\/p>\n<h1>\u00dcber uns:<\/h1>\n<p>\u00abDie Rhytmische Massage bei Frau Heike Dahms erlebte ich als \u00e4usserst wohltuend. Langj\u00e4hrige, tiefsitzende Verspannungen vermochte sie teilweise ganz aufzul\u00f6sen oder in ein ertr\u00e4glicheres Mass umzuwandeln. Ihr ganzheitlicher Therapieansatz bringt medizinische Zusammenh\u00e4nge des inneren und \u00e4usseren Menschen in Einklang. Sie verf\u00fcgt \u00fcber ein aussergew\u00f6hnlich grosses Einf\u00fchlungsverm\u00f6gen in die Befindlichkeit ihrer Klienten und wurde mit H\u00e4nden \u2039begnadet\u203a, die selbst kleinste Verspannungen wahrnehmen \u2013 kurz \u2013 die zum Massieren geschaffen wurden. Danke, liebe Heike. Du lebst deine Berufung und bist wirklich zur Therapeutin geboren!\u00bb<\/p>\n<p><em>Beinwil am See , 23. April 2014<br \/>\nAdelheid Louise Koch Zumofen<\/em><\/p>\n<p>\u00abWir sind eine vierk\u00f6pfige Familie mit zwei Kindern. Bei unserem 8-j\u00e4hrigen Sohn Adrian wurde im Alter von drei Jahren die Diagnose atypischer Autismus gestellt. Auf der Suche nach einer geeigneten fc-Therapeutin (gest\u00fctzte Kommunikation) sind wir auf Heike Dahms gestossen. Bereits im Vorschulalter hat er bei Heike Dahms auf eine \u2039spielerische Art\u203a erfolgreich die Buchstaben gelernt, so dass er bei Schulbeginn als Integrationskind in der Regelschule besser mithalten konnte. Die musische Arbeit mit Heike Dahms erg\u00e4nzt sich sehr gut mit der traditionellen Arbeitsweise in der Schule. Unser Sohn Adrian hat enorme Fortschritte gemacht und wir hoffen, dass er noch lange von Heike Dahms Erfahrung mit autistischen Personen profitieren darf.\u00bb<\/p>\n<p><em>Seon, 24. Apr. 2008<br \/>\nPia und Markus Thomann<\/em><\/p>\n<p>\u00abDie Teamentwicklungskurse von Heike Dahms sind spannend aufgebaut. Durch das k\u00fcnstlerische Arbeiten erm\u00f6glichen sie Erkenntnisse, die einem haften bleiben und die in die Praxis umsetzbar sind. Das Chalet Elim ist ein inspirierender Ort, der einen neuen Zugang zur eigenen Kreativit\u00e4t erm\u00f6glicht.\u00bb<\/p>\n<p><em>Daniel Herzog, Lernwerkstatt Olten<\/em><\/p>\n<p>\u00abDie rhythmisch wiederkehrenden Abl\u00e4ufe der Massage wirken tief und beleben immer wieder meine verh\u00e4rteten K\u00f6rperstrukturen. Bei Frau Dahms kann ich losslassen und entspannen \u2013 eine pure Wohltat f\u00fcr meinen K\u00f6rper!<br \/>\nUnbedingt ausprobieren und geniessen!\u00bb<\/p>\n<p><em>Petronella Zumsteg, Beinwil am See<\/em><\/p>\n<p>\u00abIch bin seit 20 Jahren Schmerzpatientin und schulmedizinisch austherapiert. Mit den rhythmischen Massagen und \u00d6ldispersionsb\u00e4dern konnte Heike Dahms meine Schmerzspitzen lindern. Die Schmerzsch\u00fcbe verloren an Intensit\u00e4t und im Akutfall ist eine Linderung stets m\u00f6glich.<br \/>\nDie Therapien von Heike Dahms wirken entspannend und heilsam und auch die wunderbare Atmosph\u00e4re im Chalet Elim tr\u00e4gt zum Wohlbefinden bei. Ich geniesse die Therapiestunden genauso, wie die wertvollen Gespr\u00e4che. Mein Gesundheitszustand hat sich seit den regelm\u00e4ssigen Behandlungen etwas stabilisiert.\u00bb<\/p>\n<p><em>Brigitt Honauer, Beinwil am See<\/em><\/p>\n<p>\u00abIn sehr sch\u00f6ner Umgebung und harmonischer Athmosph\u00e4re h\u00f6rten wir beim Seminar am 21\/22.6.2009 zu den verschiedenen Organen Vortr\u00e4ge von Dr. Olaf Koob Berlin, und plastizierten mit Heike Dahms zu diesen auf der wundersch\u00f6nen Terasse. Ich habe es als eine sch\u00f6ne abgerundete Arbeit empfunden die mir viele Zusammenh\u00e4nge im menschlichen K\u00f6rper deutlicher gezeigt hat. Ausserdem habe ich viele liebe Menschen bei dem guten Mittagessen und den Pausen n\u00e4her kennen gelernt.<br \/>\nIch bedanke mich bei Beiden f\u00fcr die gute Vorbereitung und Durchf\u00fchrung.\u00bb<\/p>\n<p><em>Sabine Bunte, Bamberg DE<\/em><\/p>\n","protected":false},"excerpt":{"rendered":"<p>Pressestimmen Diverse\u00a0Artikel in verschiedenen Zeitungen &nbsp; Wynentaler Blatt 2025 \u2013 20 Jahre Chalet Elim Aargauer Zeitung 2023 Aargauer Zeitung 2018 \u2013 Lernfestival wird zum Kulturfestival Lenzburger Anzeiger 2028 \u2013 Lernfestival Aargauer Zeitung 2015 \u2013 Chalet Elim Wynentaler Blatt 2014 \u2013 &hellip; <a class=\"more-link\" href=\"https:\/\/heike-dahms.ch\/stage\/index.php\/praxis-fuer-kunsttherapie\/chalet-elim\/referenzen\/\">Weiterlesen <span class=\"meta-nav\">&rarr;<\/span><\/a><\/p>\n","protected":false},"author":1,"featured_media":0,"parent":31,"menu_order":50,"comment_status":"closed","ping_status":"closed","template":"","meta":{"footnotes":""},"class_list":["post-260","page","type-page","status-publish","hentry"],"acf":[],"_links":{"self":[{"href":"https:\/\/heike-dahms.ch\/stage\/index.php\/wp-json\/wp\/v2\/pages\/260","targetHints":{"allow":["GET"]}}],"collection":[{"href":"https:\/\/heike-dahms.ch\/stage\/index.php\/wp-json\/wp\/v2\/pages"}],"about":[{"href":"https:\/\/heike-dahms.ch\/stage\/index.php\/wp-json\/wp\/v2\/types\/page"}],"author":[{"embeddable":true,"href":"https:\/\/heike-dahms.ch\/stage\/index.php\/wp-json\/wp\/v2\/users\/1"}],"replies":[{"embeddable":true,"href":"https:\/\/heike-dahms.ch\/stage\/index.php\/wp-json\/wp\/v2\/comments?post=260"}],"version-history":[{"count":19,"href":"https:\/\/heike-dahms.ch\/stage\/index.php\/wp-json\/wp\/v2\/pages\/260\/revisions"}],"predecessor-version":[{"id":14915,"href":"https:\/\/heike-dahms.ch\/stage\/index.php\/wp-json\/wp\/v2\/pages\/260\/revisions\/14915"}],"up":[{"embeddable":true,"href":"https:\/\/heike-dahms.ch\/stage\/index.php\/wp-json\/wp\/v2\/pages\/31"}],"wp:attachment":[{"href":"https:\/\/heike-dahms.ch\/stage\/index.php\/wp-json\/wp\/v2\/media?parent=260"}],"curies":[{"name":"wp","href":"https:\/\/api.w.org\/{rel}","templated":true}]}}